{"id":23,"date":"2020-12-12T16:06:30","date_gmt":"2020-12-12T16:06:30","guid":{"rendered":"https:\/\/aevp.net\/erasmus\/?page_id=23"},"modified":"2021-03-24T13:25:39","modified_gmt":"2021-03-24T13:25:39","slug":"portugal-ae-venda-do-pinheiro","status":"publish","type":"page","link":"https:\/\/aevp.net\/erasmus\/portugal-ae-venda-do-pinheiro\/","title":{"rendered":"Portugal: AE Venda do Pinheiro"},"content":{"rendered":"\n<iframe src=\"https:\/\/www.google.com\/maps\/embed?pb=!1m14!1m8!1m3!1d12415.751943296864!2d-9.2339738!3d38.9253949!3m2!1i1024!2i768!4f13.1!3m3!1m2!1s0x0%3A0x1c05c7a53c860089!2sAgrupamento%20de%20Escolas%20da%20Venda%20do%20Pinheiro!5e0!3m2!1spt-PT!2spt!4v1616531229126!5m2!1spt-PT!2spt\" width=\"600\" height=\"450\" style=\"border:0;\" allowfullscreen=\"\" loading=\"lazy\"><\/iframe>\n\n\n\n<p>Our school group comprises six kindergardens, four primary schools and one second\/third level school. Venda do Pinheiro is located at Mafra municipality, near Lisbon, Portugal&#8217;s capital city. We serve a local community of about 2500 pupils. Visit us at <a rel=\"noreferrer noopener\" href=\"https:\/\/aevp.net\/\" target=\"_blank\">AEVP.net<\/a>.<\/p>\n\n\n\n<h2 class=\"wp-block-heading\">Our spaces:<\/h2>\n\n\n\n<iframe loading=\"lazy\" width=\"560\" height=\"315\" src=\"https:\/\/www.youtube.com\/embed\/uz7eIZhj2k8\" title=\"YouTube video player\" frameborder=\"0\" allow=\"accelerometer; autoplay; clipboard-write; encrypted-media; gyroscope; picture-in-picture\" allowfullscreen=\"\"><\/iframe>\n\n\n\n<h2 class=\"wp-block-heading\">Our School Library and MakerSpace.<\/h2>\n\n\n<p>[momentopress url=https:\/\/momento360.com\/e\/u\/244e9835b8b7435e84ad6ce0ba6bf868?utm_campaign=embed&amp;utm_source=other&amp;heading=-145.97&amp;pitch=-9.6&amp;field-of-view=75&amp;size=medium]<\/p>\n\n\n\n<p><\/p>\n\n\n\n<h2 class=\"wp-block-heading\">At Escola B\u00e1sica de S. Miguel do Milharado<\/h2>\n\n\n<p>[momentopress url=https:\/\/momento360.com\/e\/u\/612991449b01403ba73bd7726f903531?utm_campaign=embed&#038;utm_source=other&#038;heading=-259.84&#038;pitch=7.99&#038;field-of-view=75&#038;size=medium]<\/p>\n\n\n\n<p>The mascots of the school library welcome you!<\/p>\n\n\n<p>[momentopress url=https:\/\/momento360.com\/e\/u\/9d2cb79c73934b5d995d0d92251c83b6?utm_campaign=embed&#038;utm_source=other&#038;heading=0&#038;pitch=0&#038;field-of-view=75&#038;size=medium]<\/p>\n\n\n\n<p>Welcome to Escola B\u00e1sica de S. Miguel do Milharado<\/p>\n\n\n\n<h2 class=\"wp-block-heading\">At Escola B\u00e1sica Prof. Jo\u00e3o Dias Agudo<\/h2>\n\n\n<p>[momentopress url=https:\/\/momento360.com\/e\/u\/097d68ce7c37444bacb4778da8b05702?utm_campaign=embed&#038;utm_source=other&#038;heading=-272.36&#038;pitch=7.67&#038;field-of-view=75&#038;size=medium]<\/p>\n\n\n\n<p>Welcome to Escola B\u00e1sica Prof. Jo\u00e3o Dias Agudo, P\u00f3voa da Galega.<\/p>\n","protected":false},"excerpt":{"rendered":"<p>Our school group comprises six kindergardens, four primary schools and one second\/third level school. Venda do Pinheiro is located at Mafra municipality, near Lisbon, Portugal&#8217;s capital city. We serve a local community of about 2500 pupils. Visit us at AEVP.net. Our spaces: Our School Library and MakerSpace. At Escola B\u00e1sica de S. Miguel do Milharado [&hellip;]<\/p>\n","protected":false},"author":2,"featured_media":0,"parent":0,"menu_order":0,"comment_status":"closed","ping_status":"closed","template":"","meta":{"footnotes":""},"class_list":["post-23","page","type-page","status-publish","hentry","entry"],"_links":{"self":[{"href":"https:\/\/aevp.net\/erasmus\/wp-json\/wp\/v2\/pages\/23","targetHints":{"allow":["GET"]}}],"collection":[{"href":"https:\/\/aevp.net\/erasmus\/wp-json\/wp\/v2\/pages"}],"about":[{"href":"https:\/\/aevp.net\/erasmus\/wp-json\/wp\/v2\/types\/page"}],"author":[{"embeddable":true,"href":"https:\/\/aevp.net\/erasmus\/wp-json\/wp\/v2\/users\/2"}],"replies":[{"embeddable":true,"href":"https:\/\/aevp.net\/erasmus\/wp-json\/wp\/v2\/comments?post=23"}],"version-history":[{"count":17,"href":"https:\/\/aevp.net\/erasmus\/wp-json\/wp\/v2\/pages\/23\/revisions"}],"predecessor-version":[{"id":198,"href":"https:\/\/aevp.net\/erasmus\/wp-json\/wp\/v2\/pages\/23\/revisions\/198"}],"wp:attachment":[{"href":"https:\/\/aevp.net\/erasmus\/wp-json\/wp\/v2\/media?parent=23"}],"curies":[{"name":"wp","href":"https:\/\/api.w.org\/{rel}","templated":true}]}}